{"id":2,"date":"2011-03-07T11:47:00","date_gmt":"2011-03-07T11:47:00","guid":{"rendered":"http:\/\/blogs.lavozdegalicia.es\/mundoexotico\/?page_id=2"},"modified":"2020-03-28T17:53:52","modified_gmt":"2020-03-28T17:53:52","slug":"sobre-el-autor","status":"publish","type":"page","link":"https:\/\/blogs.lavozdegalicia.es\/mundoexotico\/sobre-el-autor\/","title":{"rendered":"Sobre el autor"},"content":{"rendered":"<p><strong>Fran Raposo<\/strong><\/p>\n<p>Con m\u00e1s de cuarenta a\u00f1os dedicados al turismo, y unos cuantos pa\u00edses visitados, pretendo transmitiros mis experiencias o simplemente contaros alguna curiosidad de alguno de estos fant\u00e1sticos destinos.<\/p>\n<p><a href=\"raposofran70@gmail.com\">raposofran70@gmail.com<\/a><\/p>\n","protected":false},"excerpt":{"rendered":"<p>Fran Raposo Con m\u00e1s de cuarenta a\u00f1os dedicados al turismo, y unos cuantos pa\u00edses visitados, pretendo transmitiros mis experiencias o simplemente contaros alguna curiosidad de alguno de estos fant\u00e1sticos destinos. raposofran70@gmail.com<\/p>\n","protected":false},"author":214,"featured_media":0,"parent":0,"menu_order":0,"comment_status":"open","ping_status":"open","template":"","meta":{"ngg_post_thumbnail":0,"footnotes":""},"class_list":["post-2","page","type-page","status-publish","hentry"],"aioseo_notices":[],"_links":{"self":[{"href":"https:\/\/blogs.lavozdegalicia.es\/mundoexotico\/wp-json\/wp\/v2\/pages\/2","targetHints":{"allow":["GET"]}}],"collection":[{"href":"https:\/\/blogs.lavozdegalicia.es\/mundoexotico\/wp-json\/wp\/v2\/pages"}],"about":[{"href":"https:\/\/blogs.lavozdegalicia.es\/mundoexotico\/wp-json\/wp\/v2\/types\/page"}],"author":[{"embeddable":true,"href":"https:\/\/blogs.lavozdegalicia.es\/mundoexotico\/wp-json\/wp\/v2\/users\/214"}],"replies":[{"embeddable":true,"href":"https:\/\/blogs.lavozdegalicia.es\/mundoexotico\/wp-json\/wp\/v2\/comments?post=2"}],"version-history":[{"count":3,"href":"https:\/\/blogs.lavozdegalicia.es\/mundoexotico\/wp-json\/wp\/v2\/pages\/2\/revisions"}],"predecessor-version":[{"id":2302,"href":"https:\/\/blogs.lavozdegalicia.es\/mundoexotico\/wp-json\/wp\/v2\/pages\/2\/revisions\/2302"}],"wp:attachment":[{"href":"https:\/\/blogs.lavozdegalicia.es\/mundoexotico\/wp-json\/wp\/v2\/media?parent=2"}],"curies":[{"name":"wp","href":"https:\/\/api.w.org\/{rel}","templated":true}]}}